{"id":1580,"date":"2011-07-29T20:53:12","date_gmt":"2011-07-29T20:53:12","guid":{"rendered":"https:\/\/www.cmrrasodrac.ca\/bienvenue-aux-services-de-musique-en-ligne-de-csi\/"},"modified":"2020-04-20T20:50:37","modified_gmt":"2020-04-21T01:50:37","slug":"bienvenue-aux-services-de-musique-en-ligne-de-csi","status":"publish","type":"page","link":"https:\/\/www.cmrrasodrac.ca\/fr\/bienvenue-aux-services-de-musique-en-ligne-de-csi\/","title":{"rendered":"Bienvenue aux services de musique en ligne de CSI"},"content":{"rendered":"<p><img loading=\"lazy\" decoding=\"async\" class=\"alignleft size-full wp-image-195\" title=\"headphones\" src=\"https:\/\/www.cmrrasodrac.ca\/wp-content\/uploads\/2011\/07\/headphones.jpg\" alt=\"\" width=\"210\" height=\"200\"><\/p>\n<p style=\"text-align: justify;\">CMRRA-SODRAC Inc. (CSI) est une coentreprise form\u00e9e par l\u2019Agence canadienne des droits de reproduction musicaux lt\u00e9e (CMRRA) et la Soci\u00e9t\u00e9 du droit de reproduction des auteurs, compositeurs et \u00e9diteurs au Canada (SODRAC). CSI \u00e9met des licences de reproduction relatives au r\u00e9pertoire conjoint de la CMRRA et de la SODRAC \u00e0 des utilisateurs de musique, comme des stations de radio, des services de musique d\u2019ambiance ou des services de musique en ligne. \u00c0 elles deux, la CMRRA et la SODRAC repr\u00e9sentent la quasi-totalit\u00e9 des compositeurs et des \u00e9diteurs de musique dont les \u0153uvres sont exploit\u00e9es au Canada.<\/p>\n<p style=\"text-align: justify;\">CSI a \u00e9galement \u00e9t\u00e9 nomm\u00e9e administratrice du r\u00e8glement intervenu dans le cadre du recours collectif canadien relatif \u00e0 des redevances de reproduction m\u00e9canique et audiovisuelle impay\u00e9es. Pour de plus amples renseignements \u00e0 ce sujet, <a title=\"\u00c0 propos du recours collectif et du r\u00e8glement\" href=\"https:\/\/www.cmrrasodrac.ca\/pending-list-class-action-settlement\/about-the-action-and-the-settlement\/\">cliquez ICI<\/a>.<\/p>\n","protected":false},"excerpt":{"rendered":"<p>CMRRA-SODRAC Inc. (CSI) est une coentreprise form\u00e9e par l\u2019Agence canadienne des droits de reproduction musicaux lt\u00e9e (CMRRA) et la Soci\u00e9t\u00e9 du droit de reproduction des auteurs, compositeurs et \u00e9diteurs au Canada (SODRAC). CSI \u00e9met des licences de reproduction relatives au r\u00e9pertoire conjoint de la CMRRA et de la SODRAC \u00e0 des utilisateurs de musique, comme [&hellip;]<\/p>\n","protected":false},"author":1,"featured_media":0,"parent":0,"menu_order":0,"comment_status":"open","ping_status":"open","template":"","meta":{"_genesis_hide_title":false,"_genesis_hide_breadcrumbs":false,"_genesis_hide_singular_image":false,"_genesis_hide_footer_widgets":false,"_genesis_custom_body_class":"","_genesis_custom_post_class":"","_genesis_layout":"","footnotes":"","_links_to":"","_links_to_target":""},"class_list":{"0":"post-1580","1":"page","2":"type-page","3":"status-publish","5":"entry"},"aioseo_notices":[],"_links":{"self":[{"href":"https:\/\/www.cmrrasodrac.ca\/fr\/wp-json\/wp\/v2\/pages\/1580","targetHints":{"allow":["GET"]}}],"collection":[{"href":"https:\/\/www.cmrrasodrac.ca\/fr\/wp-json\/wp\/v2\/pages"}],"about":[{"href":"https:\/\/www.cmrrasodrac.ca\/fr\/wp-json\/wp\/v2\/types\/page"}],"author":[{"embeddable":true,"href":"https:\/\/www.cmrrasodrac.ca\/fr\/wp-json\/wp\/v2\/users\/1"}],"replies":[{"embeddable":true,"href":"https:\/\/www.cmrrasodrac.ca\/fr\/wp-json\/wp\/v2\/comments?post=1580"}],"version-history":[{"count":0,"href":"https:\/\/www.cmrrasodrac.ca\/fr\/wp-json\/wp\/v2\/pages\/1580\/revisions"}],"wp:attachment":[{"href":"https:\/\/www.cmrrasodrac.ca\/fr\/wp-json\/wp\/v2\/media?parent=1580"}],"curies":[{"name":"wp","href":"https:\/\/api.w.org\/{rel}","templated":true}]}}