{"id":1590,"date":"2011-07-29T21:25:26","date_gmt":"2011-07-29T21:25:26","guid":{"rendered":"https:\/\/www.cmrrasodrac.ca\/qui-nous-representons\/"},"modified":"2011-07-29T21:25:26","modified_gmt":"2011-07-29T21:25:26","slug":"qui-nous-representons","status":"publish","type":"page","link":"https:\/\/www.cmrrasodrac.ca\/fr\/a-propos-de-csi\/qui-nous-representons\/","title":{"rendered":"Qui nous repr\u00e9sentons"},"content":{"rendered":"<p style=\"text-align: justify;\">CSI repr\u00e9sente les int\u00e9r\u00eats de la SODRAC et de la CMRRA, ainsi que des auteurs, compositeurs et \u00e9diteurs de musique repr\u00e9sent\u00e9s par ces derni\u00e8res. Si vous souhaitez que CSI repr\u00e9sente vos int\u00e9r\u00eats \u00e0 titre d\u2019auteur, compositeur ou d\u2019\u00e9diteur de musique, vous devez adh\u00e9rer \u00e0 la SODRAC ou \u00e0 la CMRRA. Pour de plus amples renseignements \u00e0 ce sujet, nous vous invitons \u00e0 consulter les sites web de ces soci\u00e9t\u00e9s\u00a0:<\/p>\n<p style=\"text-align: justify;\">Site web de la SODRAC: <a title=\"SODRAC\" href=\"http:\/\/www.sodrac.ca\/Accueil.aspx\" target=\"_blank\" rel=\"noopener noreferrer\">www.sodrac.ca<\/a><\/p>\n<p style=\"text-align: justify;\">Site web de la CMRRA: <a href=\"http:\/\/www.cmrra.ca\/\" target=\"_blank\" rel=\"noopener noreferrer\">www.cmrra.ca<\/a><\/p>\n<p>&nbsp;<\/p>\n","protected":false},"excerpt":{"rendered":"<p>CSI repr\u00e9sente les int\u00e9r\u00eats de la SODRAC et de la CMRRA, ainsi que des auteurs, compositeurs et \u00e9diteurs de musique repr\u00e9sent\u00e9s par ces derni\u00e8res. Si vous souhaitez que CSI repr\u00e9sente vos int\u00e9r\u00eats \u00e0 titre d\u2019auteur, compositeur ou d\u2019\u00e9diteur de musique, vous devez adh\u00e9rer \u00e0 la SODRAC ou \u00e0 la CMRRA. Pour de plus amples renseignements [&hellip;]<\/p>\n","protected":false},"author":1,"featured_media":0,"parent":1582,"menu_order":0,"comment_status":"open","ping_status":"open","template":"","meta":{"_genesis_hide_title":false,"_genesis_hide_breadcrumbs":false,"_genesis_hide_singular_image":false,"_genesis_hide_footer_widgets":false,"_genesis_custom_body_class":"","_genesis_custom_post_class":"","_genesis_layout":"","footnotes":"","_links_to":"","_links_to_target":""},"class_list":{"0":"post-1590","1":"page","2":"type-page","3":"status-publish","5":"entry"},"aioseo_notices":[],"_links":{"self":[{"href":"https:\/\/www.cmrrasodrac.ca\/fr\/wp-json\/wp\/v2\/pages\/1590","targetHints":{"allow":["GET"]}}],"collection":[{"href":"https:\/\/www.cmrrasodrac.ca\/fr\/wp-json\/wp\/v2\/pages"}],"about":[{"href":"https:\/\/www.cmrrasodrac.ca\/fr\/wp-json\/wp\/v2\/types\/page"}],"author":[{"embeddable":true,"href":"https:\/\/www.cmrrasodrac.ca\/fr\/wp-json\/wp\/v2\/users\/1"}],"replies":[{"embeddable":true,"href":"https:\/\/www.cmrrasodrac.ca\/fr\/wp-json\/wp\/v2\/comments?post=1590"}],"version-history":[{"count":0,"href":"https:\/\/www.cmrrasodrac.ca\/fr\/wp-json\/wp\/v2\/pages\/1590\/revisions"}],"up":[{"embeddable":true,"href":"https:\/\/www.cmrrasodrac.ca\/fr\/wp-json\/wp\/v2\/pages\/1582"}],"wp:attachment":[{"href":"https:\/\/www.cmrrasodrac.ca\/fr\/wp-json\/wp\/v2\/media?parent=1590"}],"curies":[{"name":"wp","href":"https:\/\/api.w.org\/{rel}","templated":true}]}}