{"id":1594,"date":"2011-07-29T21:34:50","date_gmt":"2011-07-29T21:34:50","guid":{"rendered":"https:\/\/www.cmrrasodrac.ca\/services-de-musique-en-ligne-et-mobiles\/"},"modified":"2011-07-29T21:34:50","modified_gmt":"2011-07-29T21:34:50","slug":"services-de-musique-en-ligne-et-mobiles","status":"publish","type":"page","link":"https:\/\/www.cmrrasodrac.ca\/fr\/tarifs\/services-de-musique-en-ligne-et-mobiles\/","title":{"rendered":"Services de musique en ligne et mobiles"},"content":{"rendered":"<p style=\"text-align: justify;\">CSI \u00e9met des licences de reproduction musicale \u00e0 des services de musique en ligne donnant acc\u00e8s \u00e0 du contenu musical repr\u00e9sent\u00e9 par CSI au Canada.<\/p>\n<p style=\"text-align: justify;\">CSI g\u00e8re le tarif relatif aux services de musique en ligne homologu\u00e9 par la Commission du droit d\u2019auteur du Canada. Les services de musique en ligne souhaitant exercer des activit\u00e9s au Canada doivent obtenir une licence valide de CSI et faire rapport de leur contenu et de leurs ventes \u00e0 CSI conform\u00e9ment au tarif.<\/p>\n<p style=\"text-align: justify;\">Selon les dispositions du tarif en vigueur, un <em>service de musique en ligne<\/em> est d\u00e9fini comme \u00e9tant \u00ab\u00a0un service qui livre des transmissions ou des t\u00e9l\u00e9chargements limit\u00e9s \u00e0 ses abonn\u00e9s ou des t\u00e9l\u00e9chargements permanents aux consommateurs, \u00e0 l\u2019exception des services offrant uniquement des transmissions pour lesquelles le fichier est choisi par le service, ne peut \u00eatre \u00e9cout\u00e9 qu\u2019au moment d\u00e9termin\u00e9 par le service et pour lequel aucune liste de diffusion n\u2019est publi\u00e9e \u00e0 l\u2019avance\u00a0\u00bb.<\/p>\n<p style=\"text-align: justify;\">Pour de plus amples renseignements au sujet des exigences du tarif, y compris au sujet des taux de redevances applicables, des dispositions administratives ou des d\u00e9finitions des termes employ\u00e9s, veuillez vous r\u00e9f\u00e9rer au <em>Tarif pour les services de musique en ligne<\/em> \u00e0 l\u2019adresse suivante\u00a0:\u00a0<a href=\"http:\/\/www.cb-cda.gc.ca\/tariffs-tarifs\/certified-homologues\/2012\/Tarif-CMRRA-SODRAC.pdf\" target=\"_blank\" rel=\"noopener noreferrer\">http:\/\/www.cb-cda.gc.ca\/tariffs-tarifs\/certified-homologues\/2012\/Tarif-CMRRA-SODRAC.pdf<\/a><\/p>\n<p style=\"text-align: justify;\">Si vous avez des questions au sujet du tarif de CSI pour les services de musique en ligne OU si vous souhaitez discuter de votre intention de rendre des titres du r\u00e9pertoire de CSI disponibles en ligne en offrant un produit diff\u00e9rent de ceux pr\u00e9vus au tarif, veuillez nous \u00e9crire \u00e0\u00a0: <a href=\"mailto:csi@cmrrasodrac.ca\">csi@cmrrasodrac.ca<\/a>.<\/p>\n","protected":false},"excerpt":{"rendered":"<p>CSI \u00e9met des licences de reproduction musicale \u00e0 des services de musique en ligne donnant acc\u00e8s \u00e0 du contenu musical repr\u00e9sent\u00e9 par CSI au Canada. CSI g\u00e8re le tarif relatif aux services de musique en ligne homologu\u00e9 par la Commission du droit d\u2019auteur du Canada. Les services de musique en ligne souhaitant exercer des activit\u00e9s [&hellip;]<\/p>\n","protected":false},"author":1,"featured_media":0,"parent":1584,"menu_order":0,"comment_status":"open","ping_status":"open","template":"","meta":{"_genesis_hide_title":false,"_genesis_hide_breadcrumbs":false,"_genesis_hide_singular_image":false,"_genesis_hide_footer_widgets":false,"_genesis_custom_body_class":"","_genesis_custom_post_class":"","_genesis_layout":"","footnotes":"","_links_to":"","_links_to_target":""},"class_list":{"0":"post-1594","1":"page","2":"type-page","3":"status-publish","5":"entry"},"aioseo_notices":[],"_links":{"self":[{"href":"https:\/\/www.cmrrasodrac.ca\/fr\/wp-json\/wp\/v2\/pages\/1594","targetHints":{"allow":["GET"]}}],"collection":[{"href":"https:\/\/www.cmrrasodrac.ca\/fr\/wp-json\/wp\/v2\/pages"}],"about":[{"href":"https:\/\/www.cmrrasodrac.ca\/fr\/wp-json\/wp\/v2\/types\/page"}],"author":[{"embeddable":true,"href":"https:\/\/www.cmrrasodrac.ca\/fr\/wp-json\/wp\/v2\/users\/1"}],"replies":[{"embeddable":true,"href":"https:\/\/www.cmrrasodrac.ca\/fr\/wp-json\/wp\/v2\/comments?post=1594"}],"version-history":[{"count":0,"href":"https:\/\/www.cmrrasodrac.ca\/fr\/wp-json\/wp\/v2\/pages\/1594\/revisions"}],"up":[{"embeddable":true,"href":"https:\/\/www.cmrrasodrac.ca\/fr\/wp-json\/wp\/v2\/pages\/1584"}],"wp:attachment":[{"href":"https:\/\/www.cmrrasodrac.ca\/fr\/wp-json\/wp\/v2\/media?parent=1594"}],"curies":[{"name":"wp","href":"https:\/\/api.w.org\/{rel}","templated":true}]}}