{"id":1598,"date":"2011-07-29T21:37:26","date_gmt":"2011-07-29T21:37:26","guid":{"rendered":"https:\/\/www.cmrrasodrac.ca\/documents-techniques\/"},"modified":"2011-07-29T21:37:26","modified_gmt":"2011-07-29T21:37:26","slug":"documents-techniques","status":"publish","type":"page","link":"https:\/\/www.cmrrasodrac.ca\/fr\/tarifs\/services-de-musique-en-ligne-et-mobiles\/documents-techniques\/","title":{"rendered":"Documents Techniques"},"content":{"rendered":"<p>Selon le tarif de CSI relatif aux services de musique en ligne, tous les titulaires de licences doivent respecter un certain nombre de dispositions administratives pour obtenir une licence valide et conforme au tarif. Le document CI-JOINT fait \u00e9tat des exigences techniques en mati\u00e8re d\u2019\u00e9change de donn\u00e9es avec CSI. Si vous avez des questions \u00e0 cet \u00e9gard, veuillez nous \u00e9crire \u00e0\u00a0: <a href=\"mailto:csi@cmrrasodrac.ca\">csi@cmrrasodrac.ca<\/a>.<\/p>\n<p>&nbsp;<\/p>\n<p>Dispositions techniques obligatoires :<\/p>\n<p><a href=\"https:\/\/www.cmrrasodrac.ca\/wp-content\/uploads\/2011\/11\/Processus-doctroi-de-licences-entre-un-service-de-musique-en-ligne-et-la-CSI-VF-2007-10-29-fr.pdf\">Processus d&#8217;octroi de licences entre un service de musique en ligne et la CSI<\/a><\/p>\n","protected":false},"excerpt":{"rendered":"<p>Selon le tarif de CSI relatif aux services de musique en ligne, tous les titulaires de licences doivent respecter un certain nombre de dispositions administratives pour obtenir une licence valide et conforme au tarif. Le document CI-JOINT fait \u00e9tat des exigences techniques en mati\u00e8re d\u2019\u00e9change de donn\u00e9es avec CSI. Si vous avez des questions \u00e0 [&hellip;]<\/p>\n","protected":false},"author":1,"featured_media":0,"parent":1594,"menu_order":0,"comment_status":"open","ping_status":"open","template":"","meta":{"_genesis_hide_title":false,"_genesis_hide_breadcrumbs":false,"_genesis_hide_singular_image":false,"_genesis_hide_footer_widgets":false,"_genesis_custom_body_class":"","_genesis_custom_post_class":"","_genesis_layout":"","footnotes":"","_links_to":"","_links_to_target":""},"class_list":{"0":"post-1598","1":"page","2":"type-page","3":"status-publish","5":"entry"},"aioseo_notices":[],"_links":{"self":[{"href":"https:\/\/www.cmrrasodrac.ca\/fr\/wp-json\/wp\/v2\/pages\/1598","targetHints":{"allow":["GET"]}}],"collection":[{"href":"https:\/\/www.cmrrasodrac.ca\/fr\/wp-json\/wp\/v2\/pages"}],"about":[{"href":"https:\/\/www.cmrrasodrac.ca\/fr\/wp-json\/wp\/v2\/types\/page"}],"author":[{"embeddable":true,"href":"https:\/\/www.cmrrasodrac.ca\/fr\/wp-json\/wp\/v2\/users\/1"}],"replies":[{"embeddable":true,"href":"https:\/\/www.cmrrasodrac.ca\/fr\/wp-json\/wp\/v2\/comments?post=1598"}],"version-history":[{"count":0,"href":"https:\/\/www.cmrrasodrac.ca\/fr\/wp-json\/wp\/v2\/pages\/1598\/revisions"}],"up":[{"embeddable":true,"href":"https:\/\/www.cmrrasodrac.ca\/fr\/wp-json\/wp\/v2\/pages\/1594"}],"wp:attachment":[{"href":"https:\/\/www.cmrrasodrac.ca\/fr\/wp-json\/wp\/v2\/media?parent=1598"}],"curies":[{"name":"wp","href":"https:\/\/api.w.org\/{rel}","templated":true}]}}