{"id":1600,"date":"2011-07-29T21:37:44","date_gmt":"2011-07-29T21:37:44","guid":{"rendered":"https:\/\/www.cmrrasodrac.ca\/radiodiffuseurs\/"},"modified":"2011-07-29T21:37:44","modified_gmt":"2011-07-29T21:37:44","slug":"radiodiffuseurs","status":"publish","type":"page","link":"https:\/\/www.cmrrasodrac.ca\/fr\/tarifs\/radiodiffuseurs\/","title":{"rendered":"Radiodiffuseurs"},"content":{"rendered":"<p style=\"text-align: justify;\">CSI \u00e9met des licences aux radiodiffuseurs qui leur accordent le droit de reproduire des \u0153uvres musicales sur leurs serveurs afin d\u2019automatiser les calendriers de diffusion musicale de leurs stations.<\/p>\n<p style=\"text-align: justify;\"><strong><em>\u00a0Radio commerciale<\/em><\/strong> : L\u2019octroi de licences \u00e0 des stations de radio commerciale se fait en vertu du <em>Tarif pour la radio commerciale<\/em> de CSI.<\/p>\n<p style=\"text-align: justify;\">Selon ce tarif, les stations de radio commerciale sont cat\u00e9goris\u00e9es comme \u00e9tant des \u00ab\u00a0stations utilisant peu d\u2019\u0153uvres\u00a0\u00bb ou \u00ab\u00a0stations utilisant beaucoup d\u2019\u0153uvres\u00a0\u00bb. Une station utilise \u00ab\u00a0peu d\u2019\u0153uvres\u00a0\u00bb si elle diffuse des \u0153uvres faisant partie du r\u00e9pertoire de la <a title=\"SOCAN\" href=\"http:\/\/www.socan.ca\">SOCAN<\/a> pour moins de 20 pour cent de son temps d\u2019antenne total (sans tenir compte de la musique de production). Cette cat\u00e9gorisation d\u00e9termine les taux payables \u00e0 CSI pour l\u2019utilisation de musique contenue \u00e0 son r\u00e9pertoire.<\/p>\n<p style=\"text-align: justify;\">Qui plus est, les stations de radio commerciale doivent soumettre \u00e0 CSI des registres mensuels de musique diffus\u00e9e, des formulaires de rapport et effectuer le paiement de leurs redevances. Pour inscrire une soci\u00e9t\u00e9, obtenir des formulaires de rapport ou des documents d\u00e9taillant nos exigences techniques, veuillez communiquer avec nous \u00e0\u00a0: <a href=\"mailto:csi@cmrrasodrac.ca\">csi@cmrrasodrac.ca<\/a>.<\/p>\n<p style=\"text-align: justify;\">Le tarif pour la radio commerciale est disponible \u00e0 l\u2019adresse suivante\u00a0: <a href=\"http:\/\/www.cb-cda.gc.ca\/tariffs-tarifs\/certified-homologues\/2010\/20100710.pdf\">http:\/\/www.cb-cda.gc.ca\/tariffs-tarifs\/certified-homologues\/2010\/20100710.pdf<\/a>.<\/p>\n<p style=\"text-align: justify;\"><strong><em><br \/>\n<\/em><\/strong><strong><em><\/em><\/strong><\/p>\n","protected":false},"excerpt":{"rendered":"<p>CSI \u00e9met des licences aux radiodiffuseurs qui leur accordent le droit de reproduire des \u0153uvres musicales sur leurs serveurs afin d\u2019automatiser les calendriers de diffusion musicale de leurs stations. \u00a0Radio commerciale : L\u2019octroi de licences \u00e0 des stations de radio commerciale se fait en vertu du Tarif pour la radio commerciale de CSI. Selon ce [&hellip;]<\/p>\n","protected":false},"author":1,"featured_media":0,"parent":1584,"menu_order":0,"comment_status":"open","ping_status":"open","template":"","meta":{"_genesis_hide_title":false,"_genesis_hide_breadcrumbs":false,"_genesis_hide_singular_image":false,"_genesis_hide_footer_widgets":false,"_genesis_custom_body_class":"","_genesis_custom_post_class":"","_genesis_layout":"","footnotes":"","_links_to":"","_links_to_target":""},"class_list":{"0":"post-1600","1":"page","2":"type-page","3":"status-publish","5":"entry"},"aioseo_notices":[],"_links":{"self":[{"href":"https:\/\/www.cmrrasodrac.ca\/fr\/wp-json\/wp\/v2\/pages\/1600","targetHints":{"allow":["GET"]}}],"collection":[{"href":"https:\/\/www.cmrrasodrac.ca\/fr\/wp-json\/wp\/v2\/pages"}],"about":[{"href":"https:\/\/www.cmrrasodrac.ca\/fr\/wp-json\/wp\/v2\/types\/page"}],"author":[{"embeddable":true,"href":"https:\/\/www.cmrrasodrac.ca\/fr\/wp-json\/wp\/v2\/users\/1"}],"replies":[{"embeddable":true,"href":"https:\/\/www.cmrrasodrac.ca\/fr\/wp-json\/wp\/v2\/comments?post=1600"}],"version-history":[{"count":0,"href":"https:\/\/www.cmrrasodrac.ca\/fr\/wp-json\/wp\/v2\/pages\/1600\/revisions"}],"up":[{"embeddable":true,"href":"https:\/\/www.cmrrasodrac.ca\/fr\/wp-json\/wp\/v2\/pages\/1584"}],"wp:attachment":[{"href":"https:\/\/www.cmrrasodrac.ca\/fr\/wp-json\/wp\/v2\/media?parent=1600"}],"curies":[{"name":"wp","href":"https:\/\/api.w.org\/{rel}","templated":true}]}}