{"id":1602,"date":"2011-07-29T21:38:16","date_gmt":"2011-07-29T21:38:16","guid":{"rendered":"https:\/\/www.cmrrasodrac.ca\/radio-par-satellite\/"},"modified":"2011-07-29T21:38:16","modified_gmt":"2011-07-29T21:38:16","slug":"radio-par-satellite","status":"publish","type":"page","link":"https:\/\/www.cmrrasodrac.ca\/fr\/tarifs\/radio-par-satellite\/","title":{"rendered":"Radio par satellite"},"content":{"rendered":"<p style=\"text-align: justify;\">CSI g\u00e8re le tarif de radio par satellite selon lequel des licences de reproduction sont accord\u00e9es pour des services de radio satellitaire \u00e0 canaux multiples par abonnement d\u00e9tenant une licence du Conseil de la radiodiffusion et des t\u00e9l\u00e9communications canadiennes (CRTC), ainsi que pour tout autre service semblable offert au Canada.<\/p>\n<p style=\"text-align: justify;\">Le <em>Tarif pour les services de radio par satellite<\/em> est disponible <a href=\"http:\/\/www.cb-cda.gc.ca\/tariffs-tarifs\/certified-homologues\/2009\/20090411-m-b.pdf\">ici<\/a>.<\/p>\n<p style=\"text-align: justify;\">Si vous avez des questions \u00e0 cet \u00e9gard, veuillez nous \u00e9crire \u00e0\u00a0: <a href=\"mailto:csi@cmrrasodrac.ca\">csi@cmrrasodrac.ca<\/a>.<\/p>\n","protected":false},"excerpt":{"rendered":"<p>CSI g\u00e8re le tarif de radio par satellite selon lequel des licences de reproduction sont accord\u00e9es pour des services de radio satellitaire \u00e0 canaux multiples par abonnement d\u00e9tenant une licence du Conseil de la radiodiffusion et des t\u00e9l\u00e9communications canadiennes (CRTC), ainsi que pour tout autre service semblable offert au Canada. Le Tarif pour les services [&hellip;]<\/p>\n","protected":false},"author":3,"featured_media":0,"parent":1584,"menu_order":0,"comment_status":"open","ping_status":"open","template":"","meta":{"_genesis_hide_title":false,"_genesis_hide_breadcrumbs":false,"_genesis_hide_singular_image":false,"_genesis_hide_footer_widgets":false,"_genesis_custom_body_class":"","_genesis_custom_post_class":"","_genesis_layout":"","footnotes":"","_links_to":"","_links_to_target":""},"class_list":{"0":"post-1602","1":"page","2":"type-page","3":"status-publish","5":"entry"},"aioseo_notices":[],"_links":{"self":[{"href":"https:\/\/www.cmrrasodrac.ca\/fr\/wp-json\/wp\/v2\/pages\/1602","targetHints":{"allow":["GET"]}}],"collection":[{"href":"https:\/\/www.cmrrasodrac.ca\/fr\/wp-json\/wp\/v2\/pages"}],"about":[{"href":"https:\/\/www.cmrrasodrac.ca\/fr\/wp-json\/wp\/v2\/types\/page"}],"author":[{"embeddable":true,"href":"https:\/\/www.cmrrasodrac.ca\/fr\/wp-json\/wp\/v2\/users\/3"}],"replies":[{"embeddable":true,"href":"https:\/\/www.cmrrasodrac.ca\/fr\/wp-json\/wp\/v2\/comments?post=1602"}],"version-history":[{"count":0,"href":"https:\/\/www.cmrrasodrac.ca\/fr\/wp-json\/wp\/v2\/pages\/1602\/revisions"}],"up":[{"embeddable":true,"href":"https:\/\/www.cmrrasodrac.ca\/fr\/wp-json\/wp\/v2\/pages\/1584"}],"wp:attachment":[{"href":"https:\/\/www.cmrrasodrac.ca\/fr\/wp-json\/wp\/v2\/media?parent=1602"}],"curies":[{"name":"wp","href":"https:\/\/api.w.org\/{rel}","templated":true}]}}