{"id":1604,"date":"2011-07-29T21:38:35","date_gmt":"2011-07-29T21:38:35","guid":{"rendered":"https:\/\/www.cmrrasodrac.ca\/services-de-musique-dambiance\/"},"modified":"2011-07-29T21:38:35","modified_gmt":"2011-07-29T21:38:35","slug":"services-de-musique-dambiance","status":"publish","type":"page","link":"https:\/\/www.cmrrasodrac.ca\/fr\/tarifs\/services-de-musique-dambiance\/","title":{"rendered":"Services de musique d&#8217;ambiance"},"content":{"rendered":"<p style=\"text-align: justify;\">CSI octroie des licences aux services de musique d\u2019ambiance offerts au Canada. Ces services sont d\u00e9finis comme \u00e9tant des services personnalis\u00e9s int\u00e9grant musique, voix et sons afin de diffuser de la musique d\u2019ambiance dans un \u00e9tablissement pour l\u2019\u00e9coute en continu de ses clients.<\/p>\n<p style=\"text-align: justify;\">Pour de plus amples renseignements, veuillez communiquer avec nous \u00e0\u00a0: <a href=\"mailto:licence@sodrac.ca\">licence@sodrac.ca<\/a>.<\/p>\n","protected":false},"excerpt":{"rendered":"<p>CSI octroie des licences aux services de musique d\u2019ambiance offerts au Canada. Ces services sont d\u00e9finis comme \u00e9tant des services personnalis\u00e9s int\u00e9grant musique, voix et sons afin de diffuser de la musique d\u2019ambiance dans un \u00e9tablissement pour l\u2019\u00e9coute en continu de ses clients. Pour de plus amples renseignements, veuillez communiquer avec nous \u00e0\u00a0: licence@sodrac.ca.<\/p>\n","protected":false},"author":1,"featured_media":0,"parent":1584,"menu_order":1,"comment_status":"open","ping_status":"open","template":"","meta":{"_genesis_hide_title":false,"_genesis_hide_breadcrumbs":false,"_genesis_hide_singular_image":false,"_genesis_hide_footer_widgets":false,"_genesis_custom_body_class":"","_genesis_custom_post_class":"","_genesis_layout":"","footnotes":"","_links_to":"","_links_to_target":""},"class_list":{"0":"post-1604","1":"page","2":"type-page","3":"status-publish","5":"entry"},"aioseo_notices":[],"_links":{"self":[{"href":"https:\/\/www.cmrrasodrac.ca\/fr\/wp-json\/wp\/v2\/pages\/1604","targetHints":{"allow":["GET"]}}],"collection":[{"href":"https:\/\/www.cmrrasodrac.ca\/fr\/wp-json\/wp\/v2\/pages"}],"about":[{"href":"https:\/\/www.cmrrasodrac.ca\/fr\/wp-json\/wp\/v2\/types\/page"}],"author":[{"embeddable":true,"href":"https:\/\/www.cmrrasodrac.ca\/fr\/wp-json\/wp\/v2\/users\/1"}],"replies":[{"embeddable":true,"href":"https:\/\/www.cmrrasodrac.ca\/fr\/wp-json\/wp\/v2\/comments?post=1604"}],"version-history":[{"count":0,"href":"https:\/\/www.cmrrasodrac.ca\/fr\/wp-json\/wp\/v2\/pages\/1604\/revisions"}],"up":[{"embeddable":true,"href":"https:\/\/www.cmrrasodrac.ca\/fr\/wp-json\/wp\/v2\/pages\/1584"}],"wp:attachment":[{"href":"https:\/\/www.cmrrasodrac.ca\/fr\/wp-json\/wp\/v2\/media?parent=1604"}],"curies":[{"name":"wp","href":"https:\/\/api.w.org\/{rel}","templated":true}]}}