{"id":1608,"date":"2011-08-03T14:45:25","date_gmt":"2011-08-03T19:45:25","guid":{"rendered":"https:\/\/www.cmrrasodrac.ca\/avis-et-annonces\/"},"modified":"2011-08-03T14:45:25","modified_gmt":"2011-08-03T19:45:25","slug":"avis-et-annonces","status":"publish","type":"page","link":"https:\/\/www.cmrrasodrac.ca\/fr\/reglement-du-recours-collectif-droits-en-suspens\/avis-et-annonces\/","title":{"rendered":"Avis et Annonces"},"content":{"rendered":"<p><strong>AVIS:<\/strong><\/p>\n<p><strong>3 avril 2017: <\/strong>Avis aux membres du group: <a href=\"https:\/\/www.cmrrasodrac.ca\/wp-content\/uploads\/2011\/08\/Group-III-Claims-Notice-French.pdf\">Avis de lancement du processus de r\u00e9clamation pour le Groupe III<\/a><\/p>\n<p><strong>31 janvier 2012<strong><strong><strong><strong><strong>\u00a0<strong><strong><b>\u2013<\/b><\/strong><\/strong> <\/strong><\/strong><\/strong><\/strong><\/strong><\/strong>Avis le plus r\u00e9cent aux membres du groupe: <a href=\"https:\/\/www.cmrrasodrac.ca\/wp-content\/uploads\/2012\/01\/Claims-Notice-FR-31-janvier-2012.pdf\">Avis de lancement du processus de r\u00e9clamation<\/a><\/p>\n<p>Pour obtenir la s\u00e9rie compl\u00e8te des documents relatifs au r\u00e8glement et des avis officiels relatifs au recours, veuillez visiter le site web concernant le r\u00e8glement \u00e0\u00a0: <a href=\"http:\/\/www.pendinglistsettlement.com\/\">www.pendinglistsettlement.com<\/a> et choisissez \u00ab\u00a0Fran\u00e7ais\u00a0\u00bb.<\/p>\n<p><strong>ANNONCES:<\/strong><\/p>\n<p><strong>Le 30 janvier 2015 \u2212 CSI lance un nouveau site de r\u00e9clamations pour les produits mis en march\u00e9 par les grandes maisons de disques apr\u00e8s 2012: <\/strong>CSI a lanc\u00e9 aujourd\u2019hui une version b\u00eata d&#8217;un nouveau site de r\u00e9clamations qui permettra aux titulaires de droits musicaux de consulter la liste des \u0153uvres musicales pour lesquelles des redevances ont \u00e9t\u00e9 vers\u00e9es dans un compte en fid\u00e9icommis nouvellement cr\u00e9\u00e9 (\u00ab Fonds fiduciaire des licences \u00bb) g\u00e9r\u00e9 par CSI et cr\u00e9\u00e9 en vertu du r\u00e8glement intervenu en 2010 dans le cadre du recours collectif canadien en mati\u00e8re de droits de reproductions m\u00e9caniques et audiovisuels impay\u00e9s par les grandes maisons de disques.<\/p>\n<p>Le site de r\u00e9clamations de CSI contiendra des informations relatives aux chansons et aux enregistrements sonores en lien avec les parts non identifi\u00e9es, non licenci\u00e9es ou autrement impay\u00e9es pour les produits mis en march\u00e9 au Canada \u00e0 partir du 1er janvier 2013 par les trois grandes maisons de disques (Sony Music Entertainment Canada, Universal Music Canada et Warner Music Canada). Rappelons que le site de r\u00e9clamations est un \u00e9l\u00e9ment du syst\u00e8me d\u2019octroi de licences qui a \u00e9t\u00e9 mis sur pied dans le cadre du r\u00e8glement du recours collectif et que les majors doivent d\u00e9sormais verser ces sommes impay\u00e9es sur une base r\u00e9guli\u00e8re dans le Fonds fiduciaire des licences de CSI.<\/p>\n<p>Le nouveau site de r\u00e9clamations sera d\u00e9ploy\u00e9 en deux phases, conform\u00e9ment au calendrier de d\u00e9veloppement du projet. La phase initiale, qui est actuellement disponible en mode b\u00eata, permettra aux titulaires de droits de passer en revue les informations disponibles relatives aux pistes et aux chansons pour lesquelles des redevances ont \u00e9t\u00e9 vers\u00e9es dans le Fonds fiduciaire des licences. La deuxi\u00e8me phase, dont le d\u00e9ploiement est pr\u00e9vu pour le printemps, permettra aux titulaires de droits d\u2019effectuer des r\u00e9clamations en ligne, par le biais d\u2019un portail s\u00e9curis\u00e9, et de suivre le statut et l\u2019historique de chaque r\u00e9clamation.<\/p>\n<p>Les ensembles de donn\u00e9es qui pourront \u00eatre revues \u00e0 compter du lancement initial du site porteront sur les redevances vers\u00e9es dans le Fonds fiduciaire des licences\u00a0 du troisi\u00e8me trimestre 2013 au deuxi\u00e8me trimestre de 2014 par Universal Music Canada et Sony Music Entertainment Canada seulement. D\u2019autres ensembles de donn\u00e9es seront ajout\u00e9es sur le site une fois que les dossiers de redevances correspondants auront \u00e9t\u00e9 valid\u00e9s et trait\u00e9s avec succ\u00e8s par CSI.<\/p>\n<p><strong><em><\/em><\/strong><strong>15 septembre 2012\u00a0<strong><strong><b>\u2013<\/b><\/strong><\/strong> <strong>R<strong>\u00e9partition des r<strong>\u00e9clamations et des parts de march<strong>\u00e9 du 15 septembre 2012:<\/strong><\/strong><\/strong><\/strong><\/strong>\u00a0Une r\u00e9partition partielle du r\u00e8glement a \u00e9t\u00e9 effectu\u00e9e le 15 septembre 2012. Cliquez <a href=\"https:\/\/www.cmrrasodrac.ca\/wp-content\/uploads\/2012\/10\/CSI-09152012-Distribution-Letter-FR.pdf\">ici<\/a> pour un exemplaire de la lettre d\u2019information de CSI qui a \u00e9t\u00e9 envoy\u00e9e avec le paiement.<\/p>\n<p><strong><strong><strong><strong>3 f\u00e9vrier 2012\u00a0<strong><strong><b>\u2013<\/b><\/strong><\/strong> <\/strong><\/strong>Publication de la liste des droits unitaires en suspens d\u2019une valeur de plus de 1 000 $<\/strong> :<\/strong>\u00a0 Le Site de r\u00e9clamations vous offre maintenant acc\u00e8s aux informations sur les \u0153uvres musicales et sur les enregistrements sonores qui ont \u00e9t\u00e9 fournies par les quatre grandes compagnies de disques (<em>majors<\/em>) pour les \u00e9l\u00e9ments dont la valeur globale quantifiable est d\u2019un minimum de 1\u00a0000\u00a0$. Les membres du groupe sont en mesure d\u2019y effectuer des recherches pour retracer leurs \u0153uvres et, le cas \u00e9ch\u00e9ant, de soumettre des r\u00e9clamations.\u00a0 Pour plus d\u2019informations, veuillez visiter la section de notre site Internet intitul\u00e9e \u00ab\u00a0<a title=\"R\u00e9clamez vos redevances\" href=\"https:\/\/www.cmrrasodrac.ca\/pending-list-class-action-settlement\/claims-website\/claim-your-royalties\/\">R\u00e9clamez vos redevances\u00a0<\/a>\u00bb.<\/p>\n<p><strong>15 d\u00e9cembre 2011<strong><strong><strong><strong>\u00a0<strong><strong><b>\u2013<\/b><\/strong><\/strong> <\/strong><\/strong><\/strong><\/strong>Premi\u00e8re r\u00e9partition en fonction des parts de march\u00e9\u00a0:<\/strong> La premi\u00e8re r\u00e9partition en fonction des parts du march\u00e9 a \u00e9t\u00e9 effectu\u00e9e le 15 d\u00e9cembre 2011. Cliquez <a href=\"https:\/\/www.cmrrasodrac.ca\/wp-content\/uploads\/2011\/08\/First-Distribution-CSI-Letter-12152011-FR.pdf\">ici<\/a> pour un exemplaire de la lettre d\u2019information de CSI qui a \u00e9t\u00e9 envoy\u00e9e avec le paiement.<\/p>\n<p>\u00a0<\/p>\n","protected":false},"excerpt":{"rendered":"<p>AVIS: 3 avril 2017: Avis aux membres du group: Avis de lancement du processus de r\u00e9clamation pour le Groupe III 31 janvier 2012\u00a0\u2013 Avis le plus r\u00e9cent aux membres du groupe: Avis de lancement du processus de r\u00e9clamation Pour obtenir la s\u00e9rie compl\u00e8te des documents relatifs au r\u00e8glement et des avis officiels relatifs au recours, [&hellip;]<\/p>\n","protected":false},"author":2,"featured_media":0,"parent":1586,"menu_order":4,"comment_status":"open","ping_status":"closed","template":"","meta":{"_genesis_hide_title":false,"_genesis_hide_breadcrumbs":false,"_genesis_hide_singular_image":false,"_genesis_hide_footer_widgets":false,"_genesis_custom_body_class":"","_genesis_custom_post_class":"","_genesis_layout":"","footnotes":"","_links_to":"","_links_to_target":""},"class_list":{"0":"post-1608","1":"page","2":"type-page","3":"status-publish","5":"entry"},"aioseo_notices":[],"_links":{"self":[{"href":"https:\/\/www.cmrrasodrac.ca\/fr\/wp-json\/wp\/v2\/pages\/1608","targetHints":{"allow":["GET"]}}],"collection":[{"href":"https:\/\/www.cmrrasodrac.ca\/fr\/wp-json\/wp\/v2\/pages"}],"about":[{"href":"https:\/\/www.cmrrasodrac.ca\/fr\/wp-json\/wp\/v2\/types\/page"}],"author":[{"embeddable":true,"href":"https:\/\/www.cmrrasodrac.ca\/fr\/wp-json\/wp\/v2\/users\/2"}],"replies":[{"embeddable":true,"href":"https:\/\/www.cmrrasodrac.ca\/fr\/wp-json\/wp\/v2\/comments?post=1608"}],"version-history":[{"count":0,"href":"https:\/\/www.cmrrasodrac.ca\/fr\/wp-json\/wp\/v2\/pages\/1608\/revisions"}],"up":[{"embeddable":true,"href":"https:\/\/www.cmrrasodrac.ca\/fr\/wp-json\/wp\/v2\/pages\/1586"}],"wp:attachment":[{"href":"https:\/\/www.cmrrasodrac.ca\/fr\/wp-json\/wp\/v2\/media?parent=1608"}],"curies":[{"name":"wp","href":"https:\/\/api.w.org\/{rel}","templated":true}]}}