{"id":1616,"date":"2011-08-03T16:04:21","date_gmt":"2011-08-03T16:04:21","guid":{"rendered":"https:\/\/www.cmrrasodrac.ca\/revendications-de-titularite-contradictoires\/"},"modified":"2011-08-03T16:04:21","modified_gmt":"2011-08-03T16:04:21","slug":"revendications-de-titularite-contradictoires","status":"publish","type":"page","link":"https:\/\/www.cmrrasodrac.ca\/fr\/reglement-du-recours-collectif-droits-en-suspens\/site-de-reclamations\/revendications-de-titularite-contradictoires\/","title":{"rendered":"Revendications de titularit\u00e9 contradictoires"},"content":{"rendered":"<p style=\"text-align: justify;\">Si CSI re\u00e7oit des revendications de titularit\u00e9 contradictoires pour un droit apparaissant \u00e0 une liste de droits en suspens, elle avisera chacune des parties revendicatrices de ce conflit et elle mettra \u00e0 jour le statut de la r\u00e9clamation en ce sens.<\/p>\n<p style=\"text-align: justify;\">CSI demeurera neutre dans le cadre du processus de r\u00e8glement du conflit et n\u2019y jouera ni le r\u00f4le d\u2019arbitre ni celui de facilitateur.<\/p>\n<p style=\"text-align: justify;\">Si les parties revendicatrices ne sont pas en mesure de r\u00e9gler le conflit qui les oppose avant l\u2019\u00e9ch\u00e9ance de la <a title=\"p\u00e9riode de r\u00e9clamation\" href=\"https:\/\/www.cmrrasodrac.ca\/pending-list-class-action-settlement\/claims-website\/claims-period\/\">p\u00e9riode de r\u00e9clamation<\/a>, CSI conservera les redevances faisant l\u2019objet des r\u00e9clamations contradictoires en fid\u00e9icommis jusqu\u2019\u00e0 ce que le conflit soit r\u00e9solu dans le cadre d\u2019une entente ou d\u2019un jugement ex\u00e9cutoire.<\/p>\n","protected":false},"excerpt":{"rendered":"<p>Si CSI re\u00e7oit des revendications de titularit\u00e9 contradictoires pour un droit apparaissant \u00e0 une liste de droits en suspens, elle avisera chacune des parties revendicatrices de ce conflit et elle mettra \u00e0 jour le statut de la r\u00e9clamation en ce sens. CSI demeurera neutre dans le cadre du processus de r\u00e8glement du conflit et n\u2019y [&hellip;]<\/p>\n","protected":false},"author":3,"featured_media":0,"parent":1651,"menu_order":4,"comment_status":"open","ping_status":"open","template":"","meta":{"_genesis_hide_title":false,"_genesis_hide_breadcrumbs":false,"_genesis_hide_singular_image":false,"_genesis_hide_footer_widgets":false,"_genesis_custom_body_class":"","_genesis_custom_post_class":"","_genesis_layout":"","footnotes":"","_links_to":"","_links_to_target":""},"class_list":{"0":"post-1616","1":"page","2":"type-page","3":"status-publish","5":"entry"},"aioseo_notices":[],"_links":{"self":[{"href":"https:\/\/www.cmrrasodrac.ca\/fr\/wp-json\/wp\/v2\/pages\/1616","targetHints":{"allow":["GET"]}}],"collection":[{"href":"https:\/\/www.cmrrasodrac.ca\/fr\/wp-json\/wp\/v2\/pages"}],"about":[{"href":"https:\/\/www.cmrrasodrac.ca\/fr\/wp-json\/wp\/v2\/types\/page"}],"author":[{"embeddable":true,"href":"https:\/\/www.cmrrasodrac.ca\/fr\/wp-json\/wp\/v2\/users\/3"}],"replies":[{"embeddable":true,"href":"https:\/\/www.cmrrasodrac.ca\/fr\/wp-json\/wp\/v2\/comments?post=1616"}],"version-history":[{"count":0,"href":"https:\/\/www.cmrrasodrac.ca\/fr\/wp-json\/wp\/v2\/pages\/1616\/revisions"}],"up":[{"embeddable":true,"href":"https:\/\/www.cmrrasodrac.ca\/fr\/wp-json\/wp\/v2\/pages\/1651"}],"wp:attachment":[{"href":"https:\/\/www.cmrrasodrac.ca\/fr\/wp-json\/wp\/v2\/media?parent=1616"}],"curies":[{"name":"wp","href":"https:\/\/api.w.org\/{rel}","templated":true}]}}