{"id":1622,"date":"2011-08-03T16:54:54","date_gmt":"2011-08-03T16:54:54","guid":{"rendered":"https:\/\/www.cmrrasodrac.ca\/dates-importantes\/"},"modified":"2011-08-03T16:54:54","modified_gmt":"2011-08-03T16:54:54","slug":"dates-importantes","status":"publish","type":"page","link":"https:\/\/www.cmrrasodrac.ca\/fr\/reglement-du-recours-collectif-droits-en-suspens\/site-de-reclamations\/dates-importantes\/","title":{"rendered":"Dates Importantes"},"content":{"rendered":"<p><strong>P\u00c9RIODES DE R\u00c9CLAMATION:<\/strong><\/p>\n<h4><a class=\"wp-super-faq-question-closed\" id=\"wp-super-faq-question-important-deadlines-0\" href=\"https:\/\/www.cmrrasodrac.ca\/fr\/wp_super_faq\/produits-du-groupe-iii-la-periode-de-reclamation-pour-ces-produits-commence-le-3-avril-2017\/\" title=\"Produits du groupe III \u2013 La p\u00e9riode de r\u00e9clamation pour ces produits commence le 3 avril 2017\" rel=\"question\"><span class=\"wp-super-faq-triangle\">&#x25BA;<\/span> Produits du groupe III \u2013 La p\u00e9riode de r\u00e9clamation pour ces produits commence le 3 avril 2017<\/a><\/h4><div class='wp-super-faq-answer' id='wp-super-faq-question-important-deadlines-0-answer' style='  zoom: 1;'><p style=\"text-align: justify;\">P\u00e9riode de r\u00e9clamation 1: Les \u00c9l\u00e9ments de valeur moyenne dont la valeur globale quantifiable est plus \u00e9lev\u00e9e que 1 000 $ mais plus petite que 2 500 $ seront publi\u00e9s sur ce site pour une p\u00e9riode de six mois. La date limite pour soumettre une r\u00e9clamation pour les \u00c9l\u00e9ments de valeur moyenne est le <strong>3 octobre 2017<\/strong>.<\/p>\r\n<p style=\"text-align: justify;\">P\u00e9riode de r\u00e9clamation 2 : Les \u00c9l\u00e9ments de valeur haute dont la valeur globale quantifiable est plus \u00e9lev\u00e9e que 2 500 $ seront publi\u00e9s sur ce site pour une p\u00e9riode d\u2019un an. La date limite pour soumettre une r\u00e9clamation pour les \u00c9l\u00e9ments de valeur moyenne est le\u00a0<strong>3 avril 2018<\/strong>.<\/p><\/div><h4><a class=\"wp-super-faq-question-closed\" id=\"wp-super-faq-question-important-deadlines-1\" href=\"https:\/\/www.cmrrasodrac.ca\/fr\/wp_super_faq\/produits-des-groupes-i-et-ii-la-periode-de-reclamation-pour-ces-produits-est-maintenant-close\/\" title=\"Produits des groupes I et II \u2013 La p\u00e9riode de r\u00e9clamation pour ces produits est maintenant close.\" rel=\"question\"><span class=\"wp-super-faq-triangle\">&#x25BA;<\/span> Produits des groupes I et II \u2013 La p\u00e9riode de r\u00e9clamation pour ces produits est maintenant close.<\/a><\/h4><div class='wp-super-faq-answer' id='wp-super-faq-question-important-deadlines-1-answer' style='  zoom: 1;'><p>P\u00e9riode de r\u00e9clamation 1: Les \u00c9l\u00e9ments de valeur moyenne dont la valeur globale quantifiable est plus \u00e9lev\u00e9e que 1 000 $ mais plus petite que 2 500 $ seront publi\u00e9s sur ce site pour une p\u00e9riode de six mois.\u00a0 La date limite pour soumettre une r\u00e9clamation pour les \u00c9l\u00e9ments de valeur moyenne \u00e9tait le 2 ao\u00fbt 2012.<\/p>\r\n\r\n<p>P\u00e9riode de r\u00e9clamation 2 : Les \u00c9l\u00e9ments de valeur haute dont la valeur globale quantifiable est plus \u00e9lev\u00e9e que 2 500 $ seront publi\u00e9s sur ce site pour une p\u00e9riode d\u2019un an.\u00a0 La date limite pour soumettre une r\u00e9clamation pour les \u00c9l\u00e9ments de valeur moyenne \u00e9tait le 1er f\u00e9vrier 2013.<\/p><\/div>\n","protected":false},"excerpt":{"rendered":"<p>P\u00c9RIODES DE R\u00c9CLAMATION:<\/p>\n","protected":false},"author":2,"featured_media":0,"parent":1651,"menu_order":5,"comment_status":"open","ping_status":"open","template":"","meta":{"_genesis_hide_title":false,"_genesis_hide_breadcrumbs":false,"_genesis_hide_singular_image":false,"_genesis_hide_footer_widgets":false,"_genesis_custom_body_class":"","_genesis_custom_post_class":"","_genesis_layout":"","footnotes":"","_links_to":"","_links_to_target":""},"class_list":{"0":"post-1622","1":"page","2":"type-page","3":"status-publish","5":"entry"},"aioseo_notices":[],"_links":{"self":[{"href":"https:\/\/www.cmrrasodrac.ca\/fr\/wp-json\/wp\/v2\/pages\/1622","targetHints":{"allow":["GET"]}}],"collection":[{"href":"https:\/\/www.cmrrasodrac.ca\/fr\/wp-json\/wp\/v2\/pages"}],"about":[{"href":"https:\/\/www.cmrrasodrac.ca\/fr\/wp-json\/wp\/v2\/types\/page"}],"author":[{"embeddable":true,"href":"https:\/\/www.cmrrasodrac.ca\/fr\/wp-json\/wp\/v2\/users\/2"}],"replies":[{"embeddable":true,"href":"https:\/\/www.cmrrasodrac.ca\/fr\/wp-json\/wp\/v2\/comments?post=1622"}],"version-history":[{"count":0,"href":"https:\/\/www.cmrrasodrac.ca\/fr\/wp-json\/wp\/v2\/pages\/1622\/revisions"}],"up":[{"embeddable":true,"href":"https:\/\/www.cmrrasodrac.ca\/fr\/wp-json\/wp\/v2\/pages\/1651"}],"wp:attachment":[{"href":"https:\/\/www.cmrrasodrac.ca\/fr\/wp-json\/wp\/v2\/media?parent=1622"}],"curies":[{"name":"wp","href":"https:\/\/api.w.org\/{rel}","templated":true}]}}