{"id":1624,"date":"2011-08-03T17:05:59","date_gmt":"2011-08-03T17:05:59","guid":{"rendered":"https:\/\/www.cmrrasodrac.ca\/liens-utiles\/"},"modified":"2011-08-03T17:05:59","modified_gmt":"2011-08-03T17:05:59","slug":"liens-utiles","status":"publish","type":"page","link":"https:\/\/www.cmrrasodrac.ca\/fr\/liens-utiles\/","title":{"rendered":"Liens Utiles"},"content":{"rendered":"<p><a title=\"CMRRA\" href=\"http:\/\/www.cmrra.ca\" target=\"_blank\" rel=\"noopener noreferrer\">CMRRA\u00a0 (Agence canadienne des droits de reproduction musicaux lt\u00e9e.)<\/a><\/p>\n<p><a title=\"SODRAC\" href=\"http:\/\/www.sodrac.ca\/Accueil.aspx\" target=\"_blank\" rel=\"noopener noreferrer\">SODRAC\u00a0 (Soci\u00e9t\u00e9 du droit de reproduction des auteurs, compositeurs et \u00e9diteurs au Canada) <\/a><\/p>\n<p><a title=\"Copyright Board of Canada\" href=\"http:\/\/www.cb-cda.gc.ca\" target=\"_blank\" rel=\"noopener noreferrer\">Commission du droit d&#8217;auteur du Canada<\/a><\/p>\n<p><a title=\"Harrison Pensa LLP\" href=\"http:\/\/www.harrisonpensa.com\/Legal_Services\/Class_Action\/Cases\/Pending_Lists_New\" target=\"_blank\" rel=\"noopener noreferrer\">Harrison Pensa LLP &#8211; Avocats du recours collectif concernant les listes de droits en suspens<\/a><\/p>\n<p><a title=\"SOCAN\" href=\"http:\/\/www.socan.ca\/jsp\/fr\/pub\/index.jsp\" target=\"_blank\" rel=\"noopener noreferrer\">SOCAN (Soci\u00e9t\u00e9 canadienne des auteurs, compositeurs et \u00e9diteurs de musique)<\/a><\/p>\n","protected":false},"excerpt":{"rendered":"<p>CMRRA\u00a0 (Agence canadienne des droits de reproduction musicaux lt\u00e9e.) SODRAC\u00a0 (Soci\u00e9t\u00e9 du droit de reproduction des auteurs, compositeurs et \u00e9diteurs au Canada) Commission du droit d&#8217;auteur du Canada Harrison Pensa LLP &#8211; Avocats du recours collectif concernant les listes de droits en suspens SOCAN (Soci\u00e9t\u00e9 canadienne des auteurs, compositeurs et \u00e9diteurs de musique)<\/p>\n","protected":false},"author":1,"featured_media":0,"parent":0,"menu_order":4,"comment_status":"open","ping_status":"open","template":"template-nosidebar.php","meta":{"_genesis_hide_title":false,"_genesis_hide_breadcrumbs":false,"_genesis_hide_singular_image":false,"_genesis_hide_footer_widgets":false,"_genesis_custom_body_class":"","_genesis_custom_post_class":"","_genesis_layout":"","footnotes":"","_links_to":"","_links_to_target":""},"class_list":{"0":"post-1624","1":"page","2":"type-page","3":"status-publish","5":"entry"},"aioseo_notices":[],"_links":{"self":[{"href":"https:\/\/www.cmrrasodrac.ca\/fr\/wp-json\/wp\/v2\/pages\/1624","targetHints":{"allow":["GET"]}}],"collection":[{"href":"https:\/\/www.cmrrasodrac.ca\/fr\/wp-json\/wp\/v2\/pages"}],"about":[{"href":"https:\/\/www.cmrrasodrac.ca\/fr\/wp-json\/wp\/v2\/types\/page"}],"author":[{"embeddable":true,"href":"https:\/\/www.cmrrasodrac.ca\/fr\/wp-json\/wp\/v2\/users\/1"}],"replies":[{"embeddable":true,"href":"https:\/\/www.cmrrasodrac.ca\/fr\/wp-json\/wp\/v2\/comments?post=1624"}],"version-history":[{"count":0,"href":"https:\/\/www.cmrrasodrac.ca\/fr\/wp-json\/wp\/v2\/pages\/1624\/revisions"}],"wp:attachment":[{"href":"https:\/\/www.cmrrasodrac.ca\/fr\/wp-json\/wp\/v2\/media?parent=1624"}],"curies":[{"name":"wp","href":"https:\/\/api.w.org\/{rel}","templated":true}]}}