{"id":1639,"date":"2015-01-20T14:52:41","date_gmt":"2015-01-20T19:52:41","guid":{"rendered":"https:\/\/www.cmrrasodrac.ca\/instructions-de-recherche-detaillees\/"},"modified":"2015-01-20T14:52:41","modified_gmt":"2015-01-20T19:52:41","slug":"instructions-de-recherche-detaillees","status":"publish","type":"page","link":"https:\/\/www.cmrrasodrac.ca\/fr\/instructions-de-recherche-detaillees\/","title":{"rendered":"Instructions de recherche d\u00e9taill\u00e9es"},"content":{"rendered":"<p><b>R\u00e9partition<\/b>\u00a0: Vous permet de s\u00e9lectionner un trimestre de r\u00e9partition sp\u00e9cifique pour lequel des redevances ont \u00e9t\u00e9 pay\u00e9es \u00e0 CSI. La valeur par d\u00e9faut \u00ab\u00a0Toutes\u00a0\u00bb vous permet d\u2019effectuer une recherche parmi toutes les r\u00e9partitions disponibles. La description pr\u00e9cisera si la r\u00e9partition comporte des d\u00e9tails concernant les paiements faits au\u00a0Fonds fiduciaire des licences CSI (pour les titres parus apr\u00e8s le 01\/01\/2013) ou pour la p\u00e9riode de r\u00e8glement du Groupe III.<\/p>\n<p><b>Groupe (<i>pool<\/i>)<\/b>\u00a0: Vous permet de s\u00e9lectionner un Licenci\u00e9 sp\u00e9cifique. La valeur par d\u00e9faut \u00ab\u00a0Tous\u00a0\u00bb vous permet d\u2019effectuer une recherche parmi tous les Licenci\u00e9s disponibles.<\/p>\n<p><b>Valeur<\/b>\u00a0: Vous permet d\u2019effectuer une recherche en filtrant par valeur de piste de (Haute, Moyenne, Faible ou Toutes). La valeur par d\u00e9faut \u00ab\u00a0Toutes\u00a0\u00bb va lancer une recherche parmi toutes les valeurs disponibles (veuillez consulter la section FAQ pour plus d&#8217;informations sur la fa\u00e7on dont les Valeurs sont calcul\u00e9es).<\/p>\n<p><b>Date de sortie<\/b>\u00a0: Vous permet de s\u00e9lectionner une date de sortie sp\u00e9cifique ou une p\u00e9riode. Utilisez l&#8217;outil calendrier pour d\u00e9finir la p\u00e9riode ou laissez le champ vide pour effectuer une recherche parmi toutes les dates de sortie.<\/p>\n<p><b>Recherche par<\/b>\u00a0: Vous fournit une liste de crit\u00e8res de recherche sp\u00e9cifiques pour d\u00e9finir votre recherche, y compris\u00a0: Titre de l\u2019\u0153uvre, Titre de l\u2019album, Auteur et\/ou Compositeur, etc. La valeur par d\u00e9faut \u00ab\u00a0Tous\u00a0\u00bb vous permet d\u2019effectuer une recherche \u00e0 l\u2019aide de plusieurs crit\u00e8res.<\/p>\n<p><b>Type de recherche\u00a0<\/b>: S\u2019applique aux recherches bas\u00e9es sur du texte (par exemple sur le Titre de l\u2019\u0153uvre). Les options comprennent\u00a0: Correspondance exacte, Commence par ou Floue (utilisant la logique floue pour rechercher toutes les occurrences de vos crit\u00e8res de recherche).<\/p>\n<p><b>Recherche pour<\/b>\u00a0: Inscrire un mot-cl\u00e9, une phrase ou un nombre relatif au crit\u00e8re s\u00e9lectionn\u00e9 \u00e0 l\u2019option <b>Recherche par<\/b>. Vous pouvez aussi utiliser un symbole \u00ab % \u00bb al\u00e9atoire dans votre cha\u00eene de recherche, cependant cela peut allonger le d\u00e9lai de traitement de votre recherche. <b><i>Note: ce champ est obligatoire<\/i><\/b>. Lorsque que vous utilisez des identificateurs num\u00e9riques pour faire votre recherche, tel que le num\u00e9ro de catalogue, le UPC, le num\u00e9ro de l&#8217;oeuvre, les r\u00e9sultats peuvent vari\u00e9es \u00e0 cause de la pr\u00e9sence de z\u00e9ro au d\u00e9but (exemple: num\u00e9ro d&#8217;oeuvre passe de 123456 \u00e0 00123456). Si vous \u00e9prouvez des difficult\u00e9s \u00e0 chercher avec des chiffres, vous pouvez ajouter un symbole % au d\u00e9but de votre num\u00e9ro et vos r\u00e9sultats incluront tous les items qui contiennent les num\u00e9ros que vous indiqu\u00e9.<\/p>\n<p><b>Afficher XX r\u00e9sultats<\/b> : Permet de d\u00e9finir le nombre de r\u00e9sultats de recherche affich\u00e9s par page.<\/p>\n<p>Le bouton <b>Recherche<\/b> va lancer votre recherche.<\/p>\n<p>*<strong>Si vous vous \u00eates inscrit en temps qu&#8217;un usager de type &#8220;autre&#8221;,<\/strong> c&#8217;est-\u00e0-dire que vous agissez au nom de plusieurs comptes qui ne sont pas directement li\u00e9s (tels qu&#8217;un cabinet d&#8217;avocats, une compagnie de gestion, etc.), vos permissions pour voir et soumettre des r\u00e9clamations sont restreintes aux comptes de clients que vous avez choisi sur la premi\u00e8re page. Pour changer les comptes choisis afin de pouvoir voir l&#8217;information partag\u00e9e d&#8217;un \u00e9diteur ou auteur en particulier, et pour pouvoir soumettre en son nom, vous pouvez utiliser les boutons circulaires qui se trouvent \u00e0 c\u00f4t\u00e9 de ses comptes sur la premi\u00e8re page et s\u00e9lectionner le bouton de sauvegarde apr\u00e8s avoir fait votre s\u00e9lection.<\/p>\n","protected":false},"excerpt":{"rendered":"<p>R\u00e9partition\u00a0: Vous permet de s\u00e9lectionner un trimestre de r\u00e9partition sp\u00e9cifique pour lequel des redevances ont \u00e9t\u00e9 pay\u00e9es \u00e0 CSI. La valeur par d\u00e9faut \u00ab\u00a0Toutes\u00a0\u00bb vous permet d\u2019effectuer une recherche parmi toutes les r\u00e9partitions disponibles. La description pr\u00e9cisera si la r\u00e9partition comporte des d\u00e9tails concernant les paiements faits au\u00a0Fonds fiduciaire des licences CSI (pour les titres [&hellip;]<\/p>\n","protected":false},"author":2,"featured_media":0,"parent":0,"menu_order":0,"comment_status":"closed","ping_status":"closed","template":"no-sidebar-page.php","meta":{"_genesis_hide_title":false,"_genesis_hide_breadcrumbs":false,"_genesis_hide_singular_image":false,"_genesis_hide_footer_widgets":false,"_genesis_custom_body_class":"","_genesis_custom_post_class":"","_genesis_layout":"","footnotes":"","_links_to":"","_links_to_target":""},"class_list":{"0":"post-1639","1":"page","2":"type-page","3":"status-publish","5":"entry"},"aioseo_notices":[],"_links":{"self":[{"href":"https:\/\/www.cmrrasodrac.ca\/fr\/wp-json\/wp\/v2\/pages\/1639","targetHints":{"allow":["GET"]}}],"collection":[{"href":"https:\/\/www.cmrrasodrac.ca\/fr\/wp-json\/wp\/v2\/pages"}],"about":[{"href":"https:\/\/www.cmrrasodrac.ca\/fr\/wp-json\/wp\/v2\/types\/page"}],"author":[{"embeddable":true,"href":"https:\/\/www.cmrrasodrac.ca\/fr\/wp-json\/wp\/v2\/users\/2"}],"replies":[{"embeddable":true,"href":"https:\/\/www.cmrrasodrac.ca\/fr\/wp-json\/wp\/v2\/comments?post=1639"}],"version-history":[{"count":0,"href":"https:\/\/www.cmrrasodrac.ca\/fr\/wp-json\/wp\/v2\/pages\/1639\/revisions"}],"wp:attachment":[{"href":"https:\/\/www.cmrrasodrac.ca\/fr\/wp-json\/wp\/v2\/media?parent=1639"}],"curies":[{"name":"wp","href":"https:\/\/api.w.org\/{rel}","templated":true}]}}