{"id":1645,"date":"2015-01-23T10:20:02","date_gmt":"2015-01-23T15:20:02","guid":{"rendered":"https:\/\/www.cmrrasodrac.ca\/sommaire-du-processus-de-verification-des-reclamations-de-csi\/"},"modified":"2015-01-23T10:20:02","modified_gmt":"2015-01-23T15:20:02","slug":"sommaire-du-processus-de-verification-des-reclamations-de-csi","status":"publish","type":"page","link":"https:\/\/www.cmrrasodrac.ca\/fr\/sommaire-du-processus-de-verification-des-reclamations-de-csi\/","title":{"rendered":"Sommaire du processus de v\u00e9rification des r\u00e9clamations de CSI"},"content":{"rendered":"<p>Le fait de soumettre une r\u00e9clamation pour des Redevances en suspens ne vous permet pas automatiquement d\u2019\u00eatre r\u00e9mun\u00e9r\u00e9 pour l\u2019utilisation de l\u2019\u0153uvre musicale.\u00a0 CSI doit d\u2019abord \u00e9valuer votre r\u00e9clamation afin de v\u00e9rifier si vous \u00eates en droit de recevoir une indemnisation et peut exiger des documents additionnels pour v\u00e9rifier votre r\u00e9clamation.<\/p>\n<p>CSI \u00e9valuera votre r\u00e9clamation en v\u00e9rifiant, dans la mesure du possible, qu\u2019elle n\u2019entre pas en conflit avec d\u2019autres informations figurant dans les registres de la CMRRA et de la SODRAC, de la compagnie de disques concern\u00e9e ou d\u2019autres soci\u00e9t\u00e9s de gestion collective du droit de reproduction.\u00a0 Les informations qui devront \u00eatre v\u00e9rifi\u00e9es incluent, notamment, les \u00e9l\u00e9ments suivants:<\/p>\n<ol>\n<li>Le pourcentage de titularit\u00e9 des droits qui fait l\u2019objet de votre r\u00e9clamation n\u2019est pas en conflit avec la(les) revendication(s) d\u2019un autre titulaire de droits pour la m\u00eame \u0153uvre musicale, qui porteraient la somme de toutes les demandes pour cette oeuvre musicale \u00e0 d\u00e9passer 100%;<\/li>\n<li>Le pourcentage de titularit\u00e9 des droits qui fait l\u2019objet de votre r\u00e9clamation n\u2019est pas d\u00e9j\u00e0 revendiqu\u00e9 par une tierce partie comme un \u00e9diteur de musique ou un administrateur;<\/li>\n<li>Les redevances pour l\u2019utilisation de l\u2019\u0153uvre musicale qui font l\u2019objet de votre r\u00e9clamation ne vous ont pas d\u00e9j\u00e0 \u00e9t\u00e9 pay\u00e9es, ni \u00e0 votre \u00e9diteur\/administrateur pr\u00e9c\u00e9dent ou actuel.<\/li>\n<li>Preuve raisonnable que le demandeur est le titulaire du droit d\u2019auteur, le licenci\u00e9 ou le repr\u00e9sentant du titulaire du droit d\u2019auteur, de l\u2019oeuvre musicale qui fait l\u2019objet de la r\u00e9clamation.<\/li>\n<\/ol>\n","protected":false},"excerpt":{"rendered":"<p>Le fait de soumettre une r\u00e9clamation pour des Redevances en suspens ne vous permet pas automatiquement d\u2019\u00eatre r\u00e9mun\u00e9r\u00e9 pour l\u2019utilisation de l\u2019\u0153uvre musicale.\u00a0 CSI doit d\u2019abord \u00e9valuer votre r\u00e9clamation afin de v\u00e9rifier si vous \u00eates en droit de recevoir une indemnisation et peut exiger des documents additionnels pour v\u00e9rifier votre r\u00e9clamation. CSI \u00e9valuera votre r\u00e9clamation [&hellip;]<\/p>\n","protected":false},"author":2,"featured_media":0,"parent":0,"menu_order":0,"comment_status":"closed","ping_status":"closed","template":"no-sidebar-page.php","meta":{"_genesis_hide_title":false,"_genesis_hide_breadcrumbs":false,"_genesis_hide_singular_image":false,"_genesis_hide_footer_widgets":false,"_genesis_custom_body_class":"","_genesis_custom_post_class":"","_genesis_layout":"","footnotes":"","_links_to":"","_links_to_target":""},"class_list":{"0":"post-1645","1":"page","2":"type-page","3":"status-publish","5":"entry"},"aioseo_notices":[],"_links":{"self":[{"href":"https:\/\/www.cmrrasodrac.ca\/fr\/wp-json\/wp\/v2\/pages\/1645","targetHints":{"allow":["GET"]}}],"collection":[{"href":"https:\/\/www.cmrrasodrac.ca\/fr\/wp-json\/wp\/v2\/pages"}],"about":[{"href":"https:\/\/www.cmrrasodrac.ca\/fr\/wp-json\/wp\/v2\/types\/page"}],"author":[{"embeddable":true,"href":"https:\/\/www.cmrrasodrac.ca\/fr\/wp-json\/wp\/v2\/users\/2"}],"replies":[{"embeddable":true,"href":"https:\/\/www.cmrrasodrac.ca\/fr\/wp-json\/wp\/v2\/comments?post=1645"}],"version-history":[{"count":0,"href":"https:\/\/www.cmrrasodrac.ca\/fr\/wp-json\/wp\/v2\/pages\/1645\/revisions"}],"wp:attachment":[{"href":"https:\/\/www.cmrrasodrac.ca\/fr\/wp-json\/wp\/v2\/media?parent=1645"}],"curies":[{"name":"wp","href":"https:\/\/api.w.org\/{rel}","templated":true}]}}