{"id":1647,"date":"2015-01-27T10:25:58","date_gmt":"2015-01-27T15:25:58","guid":{"rendered":"https:\/\/www.cmrrasodrac.ca\/numero-de-compte-csi\/"},"modified":"2015-01-27T10:25:58","modified_gmt":"2015-01-27T15:25:58","slug":"numero-de-compte-csi","status":"publish","type":"page","link":"https:\/\/www.cmrrasodrac.ca\/fr\/numero-de-compte-csi\/","title":{"rendered":"Num\u00e9ro de compte CSI"},"content":{"rendered":"<p style=\"text-align: justify;\"><strong>Num\u00e9ro du compte CSI de l\u2019\u00e9diteur<\/strong>: Votre num\u00e9ro de compte CSI figure sur tous les sommaires et\/ou relev\u00e9s CSI qui peuvent vous avoir \u00e9t\u00e9 \u00e9mis dans le pass\u00e9. Veuillez vous r\u00e9f\u00e9rer au champ \u00ab \u00c9diteur No. \u00bb afin d\u2019obtenir cette information. Si vous \u00eates un client CMRRA, votre num\u00e9ro de compte CSI est le m\u00eame que votre num\u00e9ro de compte CMRRA.<\/p>\n<p><strong>Num\u00e9ro de compte de licenci\u00e9 CSI: <\/strong>Votre num\u00e9ro de compte de licenci\u00e9 CSI est aussi votre num\u00e9ro de fabricant CMRRA. Votre num\u00e9ro vous as \u00e9t\u00e9 attribu\u00e9 au moment o\u00f9 vous avez sign\u00e9 l\u2019accord MLA. Si vous avez re\u00e7u des licences en format papier, cette information appara\u00eet en haut de chaque licence, \u00e0 droite de votre adresse. Si vous n\u2019avez jamais re\u00e7u de licence, veuillez contacter votre <a title=\"Contact CMRRA fr\" href=\"http:\/\/www.cmrra.ca\/fr\/contactez-nous\/\" target=\"_blank\" rel=\"noopener noreferrer\">Agent de liaison \u00e0 la CMRRA <\/a> afin d\u2019obtenir votre num\u00e9ro de compte CSI de licencie \/ Num\u00e9ro de fabricant CMRRA.<\/p>\n<p><strong>IPI Number: <\/strong>Votre num\u00e9ro IPI est un num\u00e9ro unique qui vous est assign\u00e9 par votre soci\u00e9t\u00e9 de gestion collective. Par exemple <a title=\"Contact SODRAC fr\" href=\"http:\/\/www.sodrac.ca\/Contact.aspx\" target=\"_blank\" rel=\"noopener noreferrer\">SODRAC<\/a>, <a title=\"Contact SOCAN fr\" href=\"www.socan.ca\/fr\/contact\" target=\"_blank\" rel=\"noopener noreferrer\">SOCAN<\/a>, <a title=\"Contact ASCAP\" href=\"http:\/\/www.ascap.com\/contact\/\" target=\"_blank\" rel=\"noopener noreferrer\">ASCAP<\/a>, <a title=\"Contact PRS\" href=\"http:\/\/www.prsformusic.com\/aboutus\/contact_us\/pages\/default.aspx\" target=\"_blank\" rel=\"noopener noreferrer\">BMI<\/a>, etc. Veuillez communiquer avec votre soci\u00e9t\u00e9 afin d\u2019obtenir votre num\u00e9ro IPI.<\/p>\n<p>Si vous ne trouvez pas votre num\u00e9ro de compte CSI, veuillez contacter <a title=\"CSI fr\" href=\"https:\/\/www.cmrrasodrac.ca\/about-us\/contact-us\/\" target=\"_blank\" rel=\"noopener noreferrer\">CSI<\/a>.<\/p>\n","protected":false},"excerpt":{"rendered":"<p>Num\u00e9ro du compte CSI de l\u2019\u00e9diteur: Votre num\u00e9ro de compte CSI figure sur tous les sommaires et\/ou relev\u00e9s CSI qui peuvent vous avoir \u00e9t\u00e9 \u00e9mis dans le pass\u00e9. Veuillez vous r\u00e9f\u00e9rer au champ \u00ab \u00c9diteur No. \u00bb afin d\u2019obtenir cette information. Si vous \u00eates un client CMRRA, votre num\u00e9ro de compte CSI est le m\u00eame [&hellip;]<\/p>\n","protected":false},"author":2,"featured_media":0,"parent":0,"menu_order":0,"comment_status":"closed","ping_status":"closed","template":"no-sidebar-page.php","meta":{"_genesis_hide_title":false,"_genesis_hide_breadcrumbs":false,"_genesis_hide_singular_image":false,"_genesis_hide_footer_widgets":false,"_genesis_custom_body_class":"","_genesis_custom_post_class":"","_genesis_layout":"","footnotes":"","_links_to":"","_links_to_target":""},"class_list":{"0":"post-1647","1":"page","2":"type-page","3":"status-publish","5":"entry"},"aioseo_notices":[],"_links":{"self":[{"href":"https:\/\/www.cmrrasodrac.ca\/fr\/wp-json\/wp\/v2\/pages\/1647","targetHints":{"allow":["GET"]}}],"collection":[{"href":"https:\/\/www.cmrrasodrac.ca\/fr\/wp-json\/wp\/v2\/pages"}],"about":[{"href":"https:\/\/www.cmrrasodrac.ca\/fr\/wp-json\/wp\/v2\/types\/page"}],"author":[{"embeddable":true,"href":"https:\/\/www.cmrrasodrac.ca\/fr\/wp-json\/wp\/v2\/users\/2"}],"replies":[{"embeddable":true,"href":"https:\/\/www.cmrrasodrac.ca\/fr\/wp-json\/wp\/v2\/comments?post=1647"}],"version-history":[{"count":0,"href":"https:\/\/www.cmrrasodrac.ca\/fr\/wp-json\/wp\/v2\/pages\/1647\/revisions"}],"wp:attachment":[{"href":"https:\/\/www.cmrrasodrac.ca\/fr\/wp-json\/wp\/v2\/media?parent=1647"}],"curies":[{"name":"wp","href":"https:\/\/api.w.org\/{rel}","templated":true}]}}