{"id":1649,"date":"2015-01-27T12:22:03","date_gmt":"2015-01-27T17:22:03","guid":{"rendered":"https:\/\/www.cmrrasodrac.ca\/page-des-reclamations\/"},"modified":"2015-01-27T12:22:03","modified_gmt":"2015-01-27T17:22:03","slug":"page-des-reclamations","status":"publish","type":"page","link":"https:\/\/www.cmrrasodrac.ca\/fr\/page-des-reclamations\/","title":{"rendered":"Page des r\u00e9clamations"},"content":{"rendered":"<p><strong>Instructions pour remplir ce formulaire<\/strong><\/p>\n<p>Lorsque la maison de disques ou CSI a identifi\u00e9 plusieurs \u00e9l\u00e9ments en suspens ou non r\u00e9clam\u00e9s qui sont associ\u00e9s \u00e0 la m\u00eame \u0153uvre musicale, les informations relatives \u00e0 ces \u00e9l\u00e9ments sont alors regroup\u00e9es dans un enregistrement d\u00e9sign\u00e9 <b><i>Regroupement d\u2019utilisation en suspens<\/i><\/b>. Chaque enregistrement d\u2019un Regroupement d\u2019utilisation en suspens correspond \u00e0 un num\u00e9ro unique d\u2019\u0153uvre CSI, et dans les cas o\u00f9 CSI a identifi\u00e9 l&#8217;\u0153uvre musicale, les d\u00e9tails de l\u2019\u0153uvre jumel\u00e9e seront inclus.<\/p>\n<p>Veuillez noter que lorsque vous effectuez une r\u00e9clamation pour un Regroupement d\u2019utilisation en suspens, il en r\u00e9sulte des r\u00e9clamations pour tous les \u00e9l\u00e9ments contenus dans ce Regroupement. Si vous souhaitez limiter votre r\u00e9clamation \u00e0 seulement quelques \u00e9l\u00e9ments du Regroupement d\u2019utilisation en suspens, vous pouvez fournir des informations suppl\u00e9mentaires pour identifier les \u00e9l\u00e9ments que vous souhaitez exclure dans la section \u00ab\u00a0Instructions de r\u00e9clamation et exclusions suppl\u00e9mentaires\u00a0\u00bb de la Page de r\u00e9clamations.<\/p>\n<p><b>Entrez les d\u00e9tails de la r\u00e9clamation et soumettez-les<\/b><\/p>\n<p>S\u00e9lectionnez les comptes \u00c9diteur au nom desquels vous souhaitez faire une r\u00e9clamation. S\u2019ils n\u2019apparaissent pas dans le premier tableau de cette section, vous pouvez les ajouter de deux fa\u00e7ons.<\/p>\n<p>Vous pouvez s\u00e9lectionner un compte \u00c9diteur existant dont vous \u00eates administrateur \u00e0 partir de la liste d\u00e9roulante dans la deuxi\u00e8me section. Vous devrez alors ajouter la Part de perception pour cet \u00e9diteur et, le cas \u00e9ch\u00e9ant, l\u2019auteur(s) et\/ou le(s) compositeurs(s) associ\u00e9(s) \u00e0 ce compte. En appuyant sur le bouton \u00ab\u00a0Ajouter\u00a0\u00bb, ces informations s\u2019ajouteront au premier tableau de comptes \u00c9diteur disponibles pour lesquels vous pouvez soumettre une r\u00e9clamation.<\/p>\n<p>Si le compte \u00c9diteur que vous recherchez n\u2019appara\u00eet pas dans la liste d\u00e9roulante, vous pouvez entrer les d\u00e9tails directement dans la troisi\u00e8me section, y compris le Nom du compte et la Part de perception. Ici encore, l&#8217;information sur l\u2019auteur(s) et\/ou le(s) compositeur(s) associ\u00e9(s) \u00e0 ce compte \u00c9diteur peut \u00eatre fournie. En appuyant sur le bouton \u00ab\u00a0Ajouter \u00bb, ces informations s\u2019ajouteront au premier tableau de comptes \u00c9diteur de mani\u00e8re \u00e0 ce que vous puissiez ensuite s\u00e9lectionner ce compte \u00c9diteur pour soumettre une r\u00e9clamation.<\/p>\n<p>Veuillez noter que tous les nouveaux comptes \u00c9diteur et les parts aff\u00e9rentes que vous ajoutez \u00e0 une \u0153uvre seront valid\u00e9s par CSI avant de faire l\u2019objet d\u2019une mise \u00e0 jour dans notre syst\u00e8me. Advenant le cas o\u00f9 une information n\u2019est pas claire ou diff\u00e8re d\u2019une information que nous avons au dossier, il est possible que nous communiquions avec vous pour clarifier ces informations<\/p>\n","protected":false},"excerpt":{"rendered":"<p>Instructions pour remplir ce formulaire Lorsque la maison de disques ou CSI a identifi\u00e9 plusieurs \u00e9l\u00e9ments en suspens ou non r\u00e9clam\u00e9s qui sont associ\u00e9s \u00e0 la m\u00eame \u0153uvre musicale, les informations relatives \u00e0 ces \u00e9l\u00e9ments sont alors regroup\u00e9es dans un enregistrement d\u00e9sign\u00e9 Regroupement d\u2019utilisation en suspens. Chaque enregistrement d\u2019un Regroupement d\u2019utilisation en suspens correspond \u00e0 [&hellip;]<\/p>\n","protected":false},"author":2,"featured_media":0,"parent":0,"menu_order":0,"comment_status":"closed","ping_status":"closed","template":"template-page-fullwidth.php","meta":{"_genesis_hide_title":false,"_genesis_hide_breadcrumbs":false,"_genesis_hide_singular_image":false,"_genesis_hide_footer_widgets":false,"_genesis_custom_body_class":"","_genesis_custom_post_class":"","_genesis_layout":"","footnotes":"","_links_to":"","_links_to_target":""},"class_list":{"0":"post-1649","1":"page","2":"type-page","3":"status-publish","5":"entry"},"aioseo_notices":[],"_links":{"self":[{"href":"https:\/\/www.cmrrasodrac.ca\/fr\/wp-json\/wp\/v2\/pages\/1649","targetHints":{"allow":["GET"]}}],"collection":[{"href":"https:\/\/www.cmrrasodrac.ca\/fr\/wp-json\/wp\/v2\/pages"}],"about":[{"href":"https:\/\/www.cmrrasodrac.ca\/fr\/wp-json\/wp\/v2\/types\/page"}],"author":[{"embeddable":true,"href":"https:\/\/www.cmrrasodrac.ca\/fr\/wp-json\/wp\/v2\/users\/2"}],"replies":[{"embeddable":true,"href":"https:\/\/www.cmrrasodrac.ca\/fr\/wp-json\/wp\/v2\/comments?post=1649"}],"version-history":[{"count":0,"href":"https:\/\/www.cmrrasodrac.ca\/fr\/wp-json\/wp\/v2\/pages\/1649\/revisions"}],"wp:attachment":[{"href":"https:\/\/www.cmrrasodrac.ca\/fr\/wp-json\/wp\/v2\/media?parent=1649"}],"curies":[{"name":"wp","href":"https:\/\/api.w.org\/{rel}","templated":true}]}}