{"id":1653,"date":"2015-02-03T11:08:06","date_gmt":"2015-02-03T16:08:06","guid":{"rendered":"https:\/\/www.cmrrasodrac.ca\/comprendre-lhistorique-de-la-reclamation\/"},"modified":"2015-02-03T11:08:06","modified_gmt":"2015-02-03T16:08:06","slug":"comprendre-lhistorique-de-la-reclamation","status":"publish","type":"page","link":"https:\/\/www.cmrrasodrac.ca\/fr\/comprendre-lhistorique-de-la-reclamation\/","title":{"rendered":"Comprendre l&#8217;historique de la r\u00e9clamation"},"content":{"rendered":"<p>Le nouveau site de r\u00e9clamations sera d\u00e9ploy\u00e9 en deux phases. Cette premi\u00e8re phase pr\u00e9sente une version b\u00eata du site de r\u00e9clamations qui permet aux titulaires de droits de passer en revue les informations disponibles relatives aux pistes et aux chansons pour lesquelles des redevances ont \u00e9t\u00e9 vers\u00e9es dans le Fonds fiduciaire des licences. La deuxi\u00e8me phase, dont le d\u00e9ploiement est pr\u00e9vu pour le printemps, permettra aux titulaires de droits d\u2019effectuer des r\u00e9clamations en ligne, par le biais d\u2019un portail s\u00e9curis\u00e9, et de suivre le statut et l\u2019historique de chaque r\u00e9clamation.<\/p>\n<p>Un guide pour comprendre votre<em> Historique de r\u00e9clamation<\/em> sera offert \u00e0 ce moment.<\/p>\n","protected":false},"excerpt":{"rendered":"<p>Le nouveau site de r\u00e9clamations sera d\u00e9ploy\u00e9 en deux phases. Cette premi\u00e8re phase pr\u00e9sente une version b\u00eata du site de r\u00e9clamations qui permet aux titulaires de droits de passer en revue les informations disponibles relatives aux pistes et aux chansons pour lesquelles des redevances ont \u00e9t\u00e9 vers\u00e9es dans le Fonds fiduciaire des licences. La deuxi\u00e8me [&hellip;]<\/p>\n","protected":false},"author":2,"featured_media":0,"parent":0,"menu_order":0,"comment_status":"closed","ping_status":"closed","template":"no-sidebar-page.php","meta":{"_genesis_hide_title":false,"_genesis_hide_breadcrumbs":false,"_genesis_hide_singular_image":false,"_genesis_hide_footer_widgets":false,"_genesis_custom_body_class":"","_genesis_custom_post_class":"","_genesis_layout":"","footnotes":"","_links_to":"","_links_to_target":""},"class_list":{"0":"post-1653","1":"page","2":"type-page","3":"status-publish","5":"entry"},"aioseo_notices":[],"_links":{"self":[{"href":"https:\/\/www.cmrrasodrac.ca\/fr\/wp-json\/wp\/v2\/pages\/1653","targetHints":{"allow":["GET"]}}],"collection":[{"href":"https:\/\/www.cmrrasodrac.ca\/fr\/wp-json\/wp\/v2\/pages"}],"about":[{"href":"https:\/\/www.cmrrasodrac.ca\/fr\/wp-json\/wp\/v2\/types\/page"}],"author":[{"embeddable":true,"href":"https:\/\/www.cmrrasodrac.ca\/fr\/wp-json\/wp\/v2\/users\/2"}],"replies":[{"embeddable":true,"href":"https:\/\/www.cmrrasodrac.ca\/fr\/wp-json\/wp\/v2\/comments?post=1653"}],"version-history":[{"count":0,"href":"https:\/\/www.cmrrasodrac.ca\/fr\/wp-json\/wp\/v2\/pages\/1653\/revisions"}],"wp:attachment":[{"href":"https:\/\/www.cmrrasodrac.ca\/fr\/wp-json\/wp\/v2\/media?parent=1653"}],"curies":[{"name":"wp","href":"https:\/\/api.w.org\/{rel}","templated":true}]}}