{"id":1657,"date":"2015-03-19T11:31:59","date_gmt":"2015-03-19T16:31:59","guid":{"rendered":"https:\/\/www.cmrrasodrac.ca\/site-de-reclamations-produits-des-groupes-i-et-ii-2\/"},"modified":"2015-03-19T11:31:59","modified_gmt":"2015-03-19T16:31:59","slug":"site-de-reclamations-produits-des-groupes-i-et-ii-2","status":"publish","type":"page","link":"https:\/\/www.cmrrasodrac.ca\/fr\/reglement-du-recours-collectif-droits-en-suspens\/site-de-reclamations-produits-des-groupes-i-et-ii-2\/","title":{"rendered":"Site de r\u00e9clamations: Produits des groupes I et II"},"content":{"rendered":"<p><strong>La p\u00e9riode de r\u00e9clamation est maintenant termin\u00e9e.<\/strong><\/p>\n<p>CSI a compl\u00e9t\u00e9 la validation de toutes les r\u00e9clamations soumises par les membres du recours collectif avant d&#8217;approuver le paiement aux ayants droit concern\u00e9s. Si vous avez des questions ou si vous avez fait une r\u00e9clamation pour laquelle vous n&#8217;avez pas re\u00e7u de paiement, veuillez contacter <a href=\"https:\/\/www.cmrrasodrac.ca\/pending-list-class-action-settlement\/got-questions\/\">CSI<\/a>.<\/p>\n<p>Pour revoir la liste de parts non identifi\u00e9es, sans licences ou autrement impay\u00e9es pour des produits mis en march\u00e9 apr\u00e8s 2012 (produits mis en march\u00e9 au Canada par les compagnies de disque majeures \u00e0 partir du 1er janvier 2013), veuillez visiter le <a href=\"https:\/\/www.cmrrasodrac.ca\/fr\/pending-list-class-action-settlement\/claims-website-post-2012-products\/\">nouveau site de r\u00e9clamations<\/a>.<\/p>\n","protected":false},"excerpt":{"rendered":"<p>La p\u00e9riode de r\u00e9clamation est maintenant termin\u00e9e. CSI a compl\u00e9t\u00e9 la validation de toutes les r\u00e9clamations soumises par les membres du recours collectif avant d&#8217;approuver le paiement aux ayants droit concern\u00e9s. Si vous avez des questions ou si vous avez fait une r\u00e9clamation pour laquelle vous n&#8217;avez pas re\u00e7u de paiement, veuillez contacter CSI. Pour [&hellip;]<\/p>\n","protected":false},"author":2,"featured_media":0,"parent":1586,"menu_order":2,"comment_status":"closed","ping_status":"closed","template":"","meta":{"_genesis_hide_title":false,"_genesis_hide_breadcrumbs":false,"_genesis_hide_singular_image":false,"_genesis_hide_footer_widgets":false,"_genesis_custom_body_class":"","_genesis_custom_post_class":"","_genesis_layout":"","footnotes":"","_links_to":"","_links_to_target":""},"class_list":{"0":"post-1657","1":"page","2":"type-page","3":"status-publish","5":"entry"},"aioseo_notices":[],"_links":{"self":[{"href":"https:\/\/www.cmrrasodrac.ca\/fr\/wp-json\/wp\/v2\/pages\/1657","targetHints":{"allow":["GET"]}}],"collection":[{"href":"https:\/\/www.cmrrasodrac.ca\/fr\/wp-json\/wp\/v2\/pages"}],"about":[{"href":"https:\/\/www.cmrrasodrac.ca\/fr\/wp-json\/wp\/v2\/types\/page"}],"author":[{"embeddable":true,"href":"https:\/\/www.cmrrasodrac.ca\/fr\/wp-json\/wp\/v2\/users\/2"}],"replies":[{"embeddable":true,"href":"https:\/\/www.cmrrasodrac.ca\/fr\/wp-json\/wp\/v2\/comments?post=1657"}],"version-history":[{"count":0,"href":"https:\/\/www.cmrrasodrac.ca\/fr\/wp-json\/wp\/v2\/pages\/1657\/revisions"}],"up":[{"embeddable":true,"href":"https:\/\/www.cmrrasodrac.ca\/fr\/wp-json\/wp\/v2\/pages\/1586"}],"wp:attachment":[{"href":"https:\/\/www.cmrrasodrac.ca\/fr\/wp-json\/wp\/v2\/media?parent=1657"}],"curies":[{"name":"wp","href":"https:\/\/api.w.org\/{rel}","templated":true}]}}