{"id":1659,"date":"2015-10-20T16:06:49","date_gmt":"2015-10-20T21:06:49","guid":{"rendered":"https:\/\/www.cmrrasodrac.ca\/modifiez-votre-mode-de-paiement\/"},"modified":"2015-10-20T16:06:49","modified_gmt":"2015-10-20T21:06:49","slug":"modifiez-votre-mode-de-paiement","status":"publish","type":"page","link":"https:\/\/www.cmrrasodrac.ca\/fr\/modifiez-votre-mode-de-paiement\/","title":{"rendered":"Modifiez votre mode de paiement"},"content":{"rendered":"<p>La m\u00e9thode de r\u00e9partition de CSI se limite aux ch\u00e8ques pour le moment. Si vous \u00eates affili\u00e9 avec la <a href=\"http:\/\/www.cmrra.ca\/fr\/contactez-nous\/\" target=\"_blank\" rel=\"noopener noreferrer\">CMRRA<\/a> ou la <a href=\"http:\/\/www.sodrac.ca\/Contact.aspx\" target=\"_blank\" rel=\"noopener noreferrer\">SODRAC<\/a>, veuillez svp les contacter pour v\u00e9rifier si vous pouvez recevoir vos r\u00e9partitions par d\u00e9p\u00f4t direct.<\/p>\n","protected":false},"excerpt":{"rendered":"<p>La m\u00e9thode de r\u00e9partition de CSI se limite aux ch\u00e8ques pour le moment. Si vous \u00eates affili\u00e9 avec la CMRRA ou la SODRAC, veuillez svp les contacter pour v\u00e9rifier si vous pouvez recevoir vos r\u00e9partitions par d\u00e9p\u00f4t direct.<\/p>\n","protected":false},"author":2,"featured_media":0,"parent":0,"menu_order":0,"comment_status":"closed","ping_status":"closed","template":"","meta":{"_genesis_hide_title":false,"_genesis_hide_breadcrumbs":false,"_genesis_hide_singular_image":false,"_genesis_hide_footer_widgets":false,"_genesis_custom_body_class":"","_genesis_custom_post_class":"","_genesis_layout":"","footnotes":"","_links_to":"","_links_to_target":""},"class_list":{"0":"post-1659","1":"page","2":"type-page","3":"status-publish","5":"entry"},"aioseo_notices":[],"_links":{"self":[{"href":"https:\/\/www.cmrrasodrac.ca\/fr\/wp-json\/wp\/v2\/pages\/1659","targetHints":{"allow":["GET"]}}],"collection":[{"href":"https:\/\/www.cmrrasodrac.ca\/fr\/wp-json\/wp\/v2\/pages"}],"about":[{"href":"https:\/\/www.cmrrasodrac.ca\/fr\/wp-json\/wp\/v2\/types\/page"}],"author":[{"embeddable":true,"href":"https:\/\/www.cmrrasodrac.ca\/fr\/wp-json\/wp\/v2\/users\/2"}],"replies":[{"embeddable":true,"href":"https:\/\/www.cmrrasodrac.ca\/fr\/wp-json\/wp\/v2\/comments?post=1659"}],"version-history":[{"count":0,"href":"https:\/\/www.cmrrasodrac.ca\/fr\/wp-json\/wp\/v2\/pages\/1659\/revisions"}],"wp:attachment":[{"href":"https:\/\/www.cmrrasodrac.ca\/fr\/wp-json\/wp\/v2\/media?parent=1659"}],"curies":[{"name":"wp","href":"https:\/\/api.w.org\/{rel}","templated":true}]}}